{"id":5,"date":"2009-07-30T13:51:37","date_gmt":"2009-07-30T11:51:37","guid":{"rendered":"http:\/\/www.mantler-komplet.at\/cms\/?page_id=5"},"modified":"2021-08-12T14:43:35","modified_gmt":"2021-08-12T12:43:35","slug":"das-unernehmen","status":"publish","type":"page","link":"https:\/\/www.mantler-komplet.at\/cms\/das-unernehmen\/","title":{"rendered":"Das Unternehmen"},"content":{"rendered":"<p style=\"text-align: justify;\"><span style=\"color: #ff6600;\"><strong><br \/>\nQualit\u00e4t seit 1607!<\/strong><\/span><\/p>\n<p style=\"text-align: justify;\">Wir machen mehr aus Mehl! Und das schon seit Generationen.<br \/>\nOberstes Ziel ist die Kundenzufriedenheit! Diese wird durch ein sorgf\u00e4ltig geplantes Qualit\u00e4tsmanagement st\u00e4ndig \u00fcberpr\u00fcft und somit auch gew\u00e4hrleistet.<\/p>\n<p style=\"text-align: justify;\"><img loading=\"lazy\" class=\"alignnone\" src=\"https:\/\/www.mantler-komplet.at\/cms\/wp-content\/bilder\/reihe-unternehmen.png\" alt=\"\" width=\"500\" height=\"160\" \/><\/p>\n<p style=\"text-align: justify;\"><span style=\"color: #ff6600;\">\u00bb\u00a0 Erfahren Sie mehr \u00fcber die Geschichte unseres Unternehmens<br \/>\n\u00bb\u00a0 Informationen rund um unser Personalwesen und unsere treuen Mitarbeiter<br \/>\n\u00bb\u00a0 Informieren Sie sich hier \u00fcber unsere Au\u00dfendienstmitarbeiter<br \/>\n\u00bb\u00a0 Unser Leitbild gibt Auskunft \u00fcber unsere Philosphie und unsere Ziele<br \/>\n<\/span><\/p>\n","protected":false},"excerpt":{"rendered":"<p>Qualit\u00e4t seit 1607!<br \/>\nWir machen mehr aus Mehl! Und das schon seit Generationen.<br \/>\nOberstes Ziel ist die Kundenzufriedenheit! Diese wird durch ein sorgf\u00e4ltig geplantes Qualit\u00e4tsmanagement st\u00e4ndig \u00fcberpr\u00fcft und somit auch gew\u00e4hrleistet.<\/p>\n<p>\u00bb\u00a0 Erfahren Sie mehr \u00fcber die Geschichte unseres Unternehmens<br \/>\n\u00bb\u00a0 Informationen rund um unser Personalwesen und unsere treuen Mitarbeiter<br \/>\n\u00bb\u00a0 Informieren Sie sich hier \u00fcber unsere Au\u00dfendienstmitarbeiter<br \/>\n\u00bb\u00a0 Unser Leitbild [&#8230;]<\/p>\n","protected":false},"author":1,"featured_media":0,"parent":0,"menu_order":1,"comment_status":"closed","ping_status":"closed","template":"","meta":[],"_links":{"self":[{"href":"https:\/\/www.mantler-komplet.at\/cms\/wp-json\/wp\/v2\/pages\/5"}],"collection":[{"href":"https:\/\/www.mantler-komplet.at\/cms\/wp-json\/wp\/v2\/pages"}],"about":[{"href":"https:\/\/www.mantler-komplet.at\/cms\/wp-json\/wp\/v2\/types\/page"}],"author":[{"embeddable":true,"href":"https:\/\/www.mantler-komplet.at\/cms\/wp-json\/wp\/v2\/users\/1"}],"replies":[{"embeddable":true,"href":"https:\/\/www.mantler-komplet.at\/cms\/wp-json\/wp\/v2\/comments?post=5"}],"version-history":[{"count":21,"href":"https:\/\/www.mantler-komplet.at\/cms\/wp-json\/wp\/v2\/pages\/5\/revisions"}],"predecessor-version":[{"id":1787,"href":"https:\/\/www.mantler-komplet.at\/cms\/wp-json\/wp\/v2\/pages\/5\/revisions\/1787"}],"wp:attachment":[{"href":"https:\/\/www.mantler-komplet.at\/cms\/wp-json\/wp\/v2\/media?parent=5"}],"curies":[{"name":"wp","href":"https:\/\/api.w.org\/{rel}","templated":true}]}}